{"id":24958,"date":"2025-06-24T15:46:45","date_gmt":"2025-06-24T12:46:45","guid":{"rendered":"https:\/\/phill.fastapp.ro\/?page_id=24958"},"modified":"2025-06-26T16:52:51","modified_gmt":"2025-06-26T13:52:51","slug":"alina-secu","status":"publish","type":"page","link":"https:\/\/philmydreams.com\/en\/alina-secu\/","title":{"rendered":"Alina Secu"},"content":{"rendered":"<div data-elementor-type=\"wp-page\" data-elementor-id=\"24958\" class=\"elementor elementor-24958\">\n\t\t\t\t\t\t<section class=\"elementor-section elementor-top-section elementor-element elementor-element-c146586 elementor-section-boxed elementor-section-height-default elementor-section-height-default sc_fly_static\" data-id=\"c146586\" data-element_type=\"section\">\n\t\t\t\t\t\t<div class=\"elementor-container elementor-column-gap-extended\">\n\t\t\t\t\t<div class=\"elementor-column elementor-col-100 elementor-top-column elementor-element elementor-element-11c0798 sc_content_align_inherit sc_layouts_column_icons_position_left sc_fly_static\" data-id=\"11c0798\" data-element_type=\"column\">\n\t\t\t<div class=\"elementor-widget-wrap elementor-element-populated\">\n\t\t\t\t\t\t<section class=\"elementor-section elementor-inner-section elementor-element elementor-element-a99348f elementor-section-boxed elementor-section-height-default elementor-section-height-default sc_fly_static\" data-id=\"a99348f\" data-element_type=\"section\">\n\t\t\t\t\t\t<div class=\"elementor-container elementor-column-gap-extended\">\n\t\t\t\t\t<div class=\"elementor-column elementor-col-50 elementor-inner-column elementor-element elementor-element-6018d9b sc_content_align_inherit sc_layouts_column_icons_position_left sc_fly_static\" data-id=\"6018d9b\" data-element_type=\"column\">\n\t\t\t<div class=\"elementor-widget-wrap elementor-element-populated\">\n\t\t\t\t\t\t<div class=\"elementor-element elementor-element-b9f17ce sc_fly_static elementor-widget elementor-widget-image\" data-id=\"b9f17ce\" data-element_type=\"widget\" data-widget_type=\"image.default\">\n\t\t\t\t<div class=\"elementor-widget-container\">\n\t\t\t\t\t\t\t\t\t\t\t\t\t\t\t<img fetchpriority=\"high\" decoding=\"async\" width=\"640\" height=\"640\" src=\"https:\/\/philmydreams.com\/wp-content\/uploads\/2025\/06\/WhatsApp-Image-2025-06-24-at-10.55.02_ee1d8f77.jpg\" class=\"attachment-large size-large wp-image-24957\" alt=\"\" srcset=\"https:\/\/philmydreams.com\/wp-content\/uploads\/2025\/06\/WhatsApp-Image-2025-06-24-at-10.55.02_ee1d8f77.jpg 640w, https:\/\/philmydreams.com\/wp-content\/uploads\/2025\/06\/WhatsApp-Image-2025-06-24-at-10.55.02_ee1d8f77-300x300.jpg 300w, https:\/\/philmydreams.com\/wp-content\/uploads\/2025\/06\/WhatsApp-Image-2025-06-24-at-10.55.02_ee1d8f77-150x150.jpg 150w, https:\/\/philmydreams.com\/wp-content\/uploads\/2025\/06\/WhatsApp-Image-2025-06-24-at-10.55.02_ee1d8f77-12x12.jpg 12w, https:\/\/philmydreams.com\/wp-content\/uploads\/2025\/06\/WhatsApp-Image-2025-06-24-at-10.55.02_ee1d8f77-370x370.jpg 370w, https:\/\/philmydreams.com\/wp-content\/uploads\/2025\/06\/WhatsApp-Image-2025-06-24-at-10.55.02_ee1d8f77-120x120.jpg 120w, https:\/\/philmydreams.com\/wp-content\/uploads\/2025\/06\/WhatsApp-Image-2025-06-24-at-10.55.02_ee1d8f77-410x410.jpg 410w, https:\/\/philmydreams.com\/wp-content\/uploads\/2025\/06\/WhatsApp-Image-2025-06-24-at-10.55.02_ee1d8f77-460x460.jpg 460w, https:\/\/philmydreams.com\/wp-content\/uploads\/2025\/06\/WhatsApp-Image-2025-06-24-at-10.55.02_ee1d8f77-600x600.jpg 600w\" sizes=\"(max-width: 640px) 100vw, 640px\" \/>\t\t\t\t\t\t\t\t\t\t\t\t\t\t\t<\/div>\n\t\t\t\t<\/div>\n\t\t\t\t\t<\/div>\n\t\t<\/div>\n\t\t\t\t<div class=\"elementor-column elementor-col-50 elementor-inner-column elementor-element elementor-element-5095791 sc_content_align_inherit sc_layouts_column_icons_position_left sc_fly_static\" data-id=\"5095791\" data-element_type=\"column\">\n\t\t\t<div class=\"elementor-widget-wrap elementor-element-populated\">\n\t\t\t\t\t\t<div class=\"elementor-element elementor-element-a3a8729 sc_fly_static elementor-widget elementor-widget-trx_sc_title\" data-id=\"a3a8729\" data-element_type=\"widget\" data-widget_type=\"trx_sc_title.default\">\n\t\t\t\t<div class=\"elementor-widget-container\">\n\t\t\t\t\t<div\t\tclass=\"sc_title sc_title_default\" ><span class=\"sc_item_subtitle sc_title_subtitle sc_item_subtitle_above sc_item_title_style_default\">Testimonials<\/span><h2 class=\"sc_item_title sc_title_title sc_item_title_style_default\"\n\t\t\t><span class=\"sc_item_title_text\">Alina Secu<\/span><\/h2><\/div>\t\t\t\t<\/div>\n\t\t\t\t<\/div>\n\t\t\t\t<div class=\"elementor-element elementor-element-4874837 sc_fly_static elementor-widget elementor-widget-text-editor\" data-id=\"4874837\" data-element_type=\"widget\" data-widget_type=\"text-editor.default\">\n\t\t\t\t<div class=\"elementor-widget-container\">\n\t\t\t\t\t\t\t\t\t<p><strong>Aromatherapist<\/strong><\/p>\t\t\t\t\t\t\t\t<\/div>\n\t\t\t\t<\/div>\n\t\t\t\t\t<\/div>\n\t\t<\/div>\n\t\t\t\t\t<\/div>\n\t\t<\/section>\n\t\t\t\t<div class=\"elementor-element elementor-element-7a92a12 sc_height_small sc_fly_static elementor-widget elementor-widget-spacer\" data-id=\"7a92a12\" data-element_type=\"widget\" data-widget_type=\"spacer.default\">\n\t\t\t\t<div class=\"elementor-widget-container\">\n\t\t\t\t\t\t\t<div class=\"elementor-spacer\">\n\t\t\t<div class=\"elementor-spacer-inner\"><\/div>\n\t\t<\/div>\n\t\t\t\t\t\t<\/div>\n\t\t\t\t<\/div>\n\t\t\t\t<div class=\"elementor-element elementor-element-b7f3b50 sc_fly_static elementor-widget elementor-widget-text-editor\" data-id=\"b7f3b50\" data-element_type=\"widget\" data-widget_type=\"text-editor.default\">\n\t\t\t\t<div class=\"elementor-widget-container\">\n\t\t\t\t\t\t\t\t\t<p>I worked with Cristina Fabian both in individual and group sessions, and I was truly impressed by the depth and gentleness of her approach. Cristina has a unique gift for guiding you through journaling exercises and helping you connect with your thoughts and emotions. Until then, I had no idea what a powerful and profound tool journaling could be. She managed to shine a light on the answers that were already within me \u2014 with each exercise came an \u201cAHA\u201d moment followed by a deep inner calm. I wholeheartedly recommend her to anyone who wants to become more aware and transform themselves.<\/p>\t\t\t\t\t\t\t\t<\/div>\n\t\t\t\t<\/div>\n\t\t\t\t\t<\/div>\n\t\t<\/div>\n\t\t\t\t\t<\/div>\n\t\t<\/section>\n\t\t\t\t<\/div>","protected":false},"excerpt":{"rendered":"<p>testimoniale Alina Secu Aromaterapeut Am lucrat cu Cristina Fabian at\u00e2t \u00een sesiuni individuale, c\u00e2t \u015fi de grup, \u015fi am fost inc\u00e2ntat\u0103 de profunzimea \u015fi bl\u00e2nde\u0163ea abord\u0103rii ei. Cristina are un&hellip;<\/p>","protected":false},"author":1,"featured_media":0,"parent":0,"menu_order":0,"comment_status":"closed","ping_status":"closed","template":"","meta":{"footnotes":""},"class_list":["post-24958","page","type-page","status-publish","hentry"],"yoast_head":"<!-- This site is optimized with the Yoast SEO plugin v26.1.1 - https:\/\/yoast.com\/wordpress\/plugins\/seo\/ -->\n<title>Alina Secu - Philmydreams<\/title>\n<meta name=\"description\" content=\"testimonialeAlina Secu Aromaterapeut Am lucrat cu Cristina Fabian at\u00e2t \u00een sesiuni individuale, c\u00e2t \u015fi de grup, \u015fi am fost inc\u00e2ntat\u0103 de profunzimea \u015fi\" \/>\n<meta name=\"robots\" content=\"index, follow, max-snippet:-1, max-image-preview:large, max-video-preview:-1\" \/>\n<link rel=\"canonical\" href=\"https:\/\/philmydreams.com\/en\/alina-secu\/\" \/>\n<meta property=\"og:locale\" content=\"en_US\" \/>\n<meta property=\"og:type\" content=\"article\" \/>\n<meta property=\"og:title\" content=\"Alina Secu - Philmydreams\" \/>\n<meta property=\"og:description\" content=\"testimonialeAlina Secu Aromaterapeut Am lucrat cu Cristina Fabian at\u00e2t \u00een sesiuni individuale, c\u00e2t \u015fi de grup, \u015fi am fost inc\u00e2ntat\u0103 de profunzimea \u015fi\" \/>\n<meta property=\"og:url\" content=\"https:\/\/philmydreams.com\/en\/alina-secu\/\" \/>\n<meta property=\"og:site_name\" content=\"Philmydreams\" \/>\n<meta property=\"article:modified_time\" content=\"2025-06-26T13:52:51+00:00\" \/>\n<meta property=\"og:image\" content=\"https:\/\/philmydreams.com\/wp-content\/uploads\/2025\/06\/WhatsApp-Image-2025-06-24-at-10.55.02_ee1d8f77.jpg\" \/>\n\t<meta property=\"og:image:width\" content=\"640\" \/>\n\t<meta property=\"og:image:height\" content=\"640\" \/>\n\t<meta property=\"og:image:type\" content=\"image\/jpeg\" \/>\n<meta name=\"twitter:card\" content=\"summary_large_image\" \/>\n<meta name=\"twitter:label1\" content=\"Est. reading time\" \/>\n\t<meta name=\"twitter:data1\" content=\"1 minute\" \/>\n<script type=\"application\/ld+json\" class=\"yoast-schema-graph\">{\"@context\":\"https:\/\/schema.org\",\"@graph\":[{\"@type\":\"WebPage\",\"@id\":\"https:\/\/philmydreams.com\/alina-secu\/\",\"url\":\"https:\/\/philmydreams.com\/alina-secu\/\",\"name\":\"Alina Secu - Philmydreams\",\"isPartOf\":{\"@id\":\"https:\/\/philmydreams.com\/#website\"},\"primaryImageOfPage\":{\"@id\":\"https:\/\/philmydreams.com\/alina-secu\/#primaryimage\"},\"image\":{\"@id\":\"https:\/\/philmydreams.com\/alina-secu\/#primaryimage\"},\"thumbnailUrl\":\"https:\/\/philmydreams.com\/wp-content\/uploads\/2025\/06\/WhatsApp-Image-2025-06-24-at-10.55.02_ee1d8f77.jpg\",\"datePublished\":\"2025-06-24T12:46:45+00:00\",\"dateModified\":\"2025-06-26T13:52:51+00:00\",\"description\":\"testimonialeAlina Secu Aromaterapeut Am lucrat cu Cristina Fabian at\u00e2t \u00een sesiuni individuale, c\u00e2t \u015fi de grup, \u015fi am fost inc\u00e2ntat\u0103 de profunzimea \u015fi\",\"breadcrumb\":{\"@id\":\"https:\/\/philmydreams.com\/alina-secu\/#breadcrumb\"},\"inLanguage\":\"en-US\",\"potentialAction\":[{\"@type\":\"ReadAction\",\"target\":[\"https:\/\/philmydreams.com\/alina-secu\/\"]}]},{\"@type\":\"ImageObject\",\"inLanguage\":\"en-US\",\"@id\":\"https:\/\/philmydreams.com\/alina-secu\/#primaryimage\",\"url\":\"https:\/\/philmydreams.com\/wp-content\/uploads\/2025\/06\/WhatsApp-Image-2025-06-24-at-10.55.02_ee1d8f77.jpg\",\"contentUrl\":\"https:\/\/philmydreams.com\/wp-content\/uploads\/2025\/06\/WhatsApp-Image-2025-06-24-at-10.55.02_ee1d8f77.jpg\"},{\"@type\":\"BreadcrumbList\",\"@id\":\"https:\/\/philmydreams.com\/alina-secu\/#breadcrumb\",\"itemListElement\":[{\"@type\":\"ListItem\",\"position\":1,\"name\":\"Home\",\"item\":\"https:\/\/philmydreams.com\/\"},{\"@type\":\"ListItem\",\"position\":2,\"name\":\"Alina Secu\"}]},{\"@type\":\"WebSite\",\"@id\":\"https:\/\/philmydreams.com\/#website\",\"url\":\"https:\/\/philmydreams.com\/\",\"name\":\"Philmydreams\",\"description\":\"Philmaydreams \u2013 Ghidul t\u0103u \u00een arta journaling-ului\",\"publisher\":{\"@id\":\"https:\/\/philmydreams.com\/#organization\"},\"potentialAction\":[{\"@type\":\"SearchAction\",\"target\":{\"@type\":\"EntryPoint\",\"urlTemplate\":\"https:\/\/philmydreams.com\/?s={search_term_string}\"},\"query-input\":{\"@type\":\"PropertyValueSpecification\",\"valueRequired\":true,\"valueName\":\"search_term_string\"}}],\"inLanguage\":\"en-US\"},{\"@type\":\"Organization\",\"@id\":\"https:\/\/philmydreams.com\/#organization\",\"name\":\"Philmydreams\",\"url\":\"https:\/\/philmydreams.com\/\",\"logo\":{\"@type\":\"ImageObject\",\"inLanguage\":\"en-US\",\"@id\":\"https:\/\/philmydreams.com\/#\/schema\/logo\/image\/\",\"url\":\"https:\/\/philmydreams.com\/wp-content\/uploads\/2020\/06\/Logo-2.png\",\"contentUrl\":\"https:\/\/philmydreams.com\/wp-content\/uploads\/2020\/06\/Logo-2.png\",\"width\":1200,\"height\":630,\"caption\":\"Philmydreams\"},\"image\":{\"@id\":\"https:\/\/philmydreams.com\/#\/schema\/logo\/image\/\"}}]}<\/script>\n<!-- \/ Yoast SEO plugin. -->","yoast_head_json":{"title":"Alina Secu - Philmydreams","description":"testimonialeAlina Secu Aromaterapeut Am lucrat cu Cristina Fabian at\u00e2t \u00een sesiuni individuale, c\u00e2t \u015fi de grup, \u015fi am fost inc\u00e2ntat\u0103 de profunzimea \u015fi","robots":{"index":"index","follow":"follow","max-snippet":"max-snippet:-1","max-image-preview":"max-image-preview:large","max-video-preview":"max-video-preview:-1"},"canonical":"https:\/\/philmydreams.com\/en\/alina-secu\/","og_locale":"en_US","og_type":"article","og_title":"Alina Secu - Philmydreams","og_description":"testimonialeAlina Secu Aromaterapeut Am lucrat cu Cristina Fabian at\u00e2t \u00een sesiuni individuale, c\u00e2t \u015fi de grup, \u015fi am fost inc\u00e2ntat\u0103 de profunzimea \u015fi","og_url":"https:\/\/philmydreams.com\/en\/alina-secu\/","og_site_name":"Philmydreams","article_modified_time":"2025-06-26T13:52:51+00:00","og_image":[{"width":640,"height":640,"url":"https:\/\/philmydreams.com\/wp-content\/uploads\/2025\/06\/WhatsApp-Image-2025-06-24-at-10.55.02_ee1d8f77.jpg","type":"image\/jpeg"}],"twitter_card":"summary_large_image","twitter_misc":{"Est. reading time":"1 minute"},"schema":{"@context":"https:\/\/schema.org","@graph":[{"@type":"WebPage","@id":"https:\/\/philmydreams.com\/alina-secu\/","url":"https:\/\/philmydreams.com\/alina-secu\/","name":"Alina Secu - Philmydreams","isPartOf":{"@id":"https:\/\/philmydreams.com\/#website"},"primaryImageOfPage":{"@id":"https:\/\/philmydreams.com\/alina-secu\/#primaryimage"},"image":{"@id":"https:\/\/philmydreams.com\/alina-secu\/#primaryimage"},"thumbnailUrl":"https:\/\/philmydreams.com\/wp-content\/uploads\/2025\/06\/WhatsApp-Image-2025-06-24-at-10.55.02_ee1d8f77.jpg","datePublished":"2025-06-24T12:46:45+00:00","dateModified":"2025-06-26T13:52:51+00:00","description":"testimonialeAlina Secu Aromaterapeut Am lucrat cu Cristina Fabian at\u00e2t \u00een sesiuni individuale, c\u00e2t \u015fi de grup, \u015fi am fost inc\u00e2ntat\u0103 de profunzimea \u015fi","breadcrumb":{"@id":"https:\/\/philmydreams.com\/alina-secu\/#breadcrumb"},"inLanguage":"en-US","potentialAction":[{"@type":"ReadAction","target":["https:\/\/philmydreams.com\/alina-secu\/"]}]},{"@type":"ImageObject","inLanguage":"en-US","@id":"https:\/\/philmydreams.com\/alina-secu\/#primaryimage","url":"https:\/\/philmydreams.com\/wp-content\/uploads\/2025\/06\/WhatsApp-Image-2025-06-24-at-10.55.02_ee1d8f77.jpg","contentUrl":"https:\/\/philmydreams.com\/wp-content\/uploads\/2025\/06\/WhatsApp-Image-2025-06-24-at-10.55.02_ee1d8f77.jpg"},{"@type":"BreadcrumbList","@id":"https:\/\/philmydreams.com\/alina-secu\/#breadcrumb","itemListElement":[{"@type":"ListItem","position":1,"name":"Home","item":"https:\/\/philmydreams.com\/"},{"@type":"ListItem","position":2,"name":"Alina Secu"}]},{"@type":"WebSite","@id":"https:\/\/philmydreams.com\/#website","url":"https:\/\/philmydreams.com\/","name":"Philmydreams","description":"Philmaydreams \u2013 Ghidul t\u0103u \u00een arta journaling-ului","publisher":{"@id":"https:\/\/philmydreams.com\/#organization"},"potentialAction":[{"@type":"SearchAction","target":{"@type":"EntryPoint","urlTemplate":"https:\/\/philmydreams.com\/?s={search_term_string}"},"query-input":{"@type":"PropertyValueSpecification","valueRequired":true,"valueName":"search_term_string"}}],"inLanguage":"en-US"},{"@type":"Organization","@id":"https:\/\/philmydreams.com\/#organization","name":"Philmydreams","url":"https:\/\/philmydreams.com\/","logo":{"@type":"ImageObject","inLanguage":"en-US","@id":"https:\/\/philmydreams.com\/#\/schema\/logo\/image\/","url":"https:\/\/philmydreams.com\/wp-content\/uploads\/2020\/06\/Logo-2.png","contentUrl":"https:\/\/philmydreams.com\/wp-content\/uploads\/2020\/06\/Logo-2.png","width":1200,"height":630,"caption":"Philmydreams"},"image":{"@id":"https:\/\/philmydreams.com\/#\/schema\/logo\/image\/"}}]}},"_links":{"self":[{"href":"https:\/\/philmydreams.com\/en\/wp-json\/wp\/v2\/pages\/24958","targetHints":{"allow":["GET"]}}],"collection":[{"href":"https:\/\/philmydreams.com\/en\/wp-json\/wp\/v2\/pages"}],"about":[{"href":"https:\/\/philmydreams.com\/en\/wp-json\/wp\/v2\/types\/page"}],"author":[{"embeddable":true,"href":"https:\/\/philmydreams.com\/en\/wp-json\/wp\/v2\/users\/1"}],"replies":[{"embeddable":true,"href":"https:\/\/philmydreams.com\/en\/wp-json\/wp\/v2\/comments?post=24958"}],"version-history":[{"count":19,"href":"https:\/\/philmydreams.com\/en\/wp-json\/wp\/v2\/pages\/24958\/revisions"}],"predecessor-version":[{"id":25316,"href":"https:\/\/philmydreams.com\/en\/wp-json\/wp\/v2\/pages\/24958\/revisions\/25316"}],"wp:attachment":[{"href":"https:\/\/philmydreams.com\/en\/wp-json\/wp\/v2\/media?parent=24958"}],"curies":[{"name":"wp","href":"https:\/\/api.w.org\/{rel}","templated":true}]}}