{"id":24944,"date":"2025-06-24T10:43:54","date_gmt":"2025-06-24T07:43:54","guid":{"rendered":"https:\/\/phill.fastapp.ro\/?page_id=24944"},"modified":"2025-06-26T16:51:42","modified_gmt":"2025-06-26T13:51:42","slug":"cristina-morar","status":"publish","type":"page","link":"https:\/\/philmydreams.com\/en\/cristina-morar\/","title":{"rendered":"Cristina Morar"},"content":{"rendered":"<div data-elementor-type=\"wp-page\" data-elementor-id=\"24944\" class=\"elementor elementor-24944\">\n\t\t\t\t\t\t<section class=\"elementor-section elementor-top-section elementor-element elementor-element-d6914ec elementor-section-boxed elementor-section-height-default elementor-section-height-default sc_fly_static\" data-id=\"d6914ec\" data-element_type=\"section\">\n\t\t\t\t\t\t<div class=\"elementor-container elementor-column-gap-extended\">\n\t\t\t\t\t<div class=\"elementor-column elementor-col-100 elementor-top-column elementor-element elementor-element-52ea060 sc_content_align_inherit sc_layouts_column_icons_position_left sc_fly_static\" data-id=\"52ea060\" data-element_type=\"column\">\n\t\t\t<div class=\"elementor-widget-wrap elementor-element-populated\">\n\t\t\t\t\t\t<section class=\"elementor-section elementor-inner-section elementor-element elementor-element-01dfa3a elementor-section-boxed elementor-section-height-default elementor-section-height-default sc_fly_static\" data-id=\"01dfa3a\" data-element_type=\"section\">\n\t\t\t\t\t\t<div class=\"elementor-container elementor-column-gap-extended\">\n\t\t\t\t\t<div class=\"elementor-column elementor-col-50 elementor-inner-column elementor-element elementor-element-4c9774c sc_content_align_inherit sc_layouts_column_icons_position_left sc_fly_static\" data-id=\"4c9774c\" data-element_type=\"column\">\n\t\t\t<div class=\"elementor-widget-wrap elementor-element-populated\">\n\t\t\t\t\t\t<div class=\"elementor-element elementor-element-3d163d9 sc_fly_static elementor-widget elementor-widget-image\" data-id=\"3d163d9\" data-element_type=\"widget\" data-widget_type=\"image.default\">\n\t\t\t\t<div class=\"elementor-widget-container\">\n\t\t\t\t\t\t\t\t\t\t\t\t\t\t\t<img fetchpriority=\"high\" decoding=\"async\" width=\"984\" height=\"1024\" src=\"https:\/\/philmydreams.com\/wp-content\/uploads\/2025\/06\/WhatsApp-Image-2025-06-24-at-09.53.05_7ace1b7d-984x1024.jpg\" class=\"attachment-large size-large wp-image-24939\" alt=\"\" srcset=\"https:\/\/philmydreams.com\/wp-content\/uploads\/2025\/06\/WhatsApp-Image-2025-06-24-at-09.53.05_7ace1b7d-984x1024.jpg 984w, https:\/\/philmydreams.com\/wp-content\/uploads\/2025\/06\/WhatsApp-Image-2025-06-24-at-09.53.05_7ace1b7d-288x300.jpg 288w, https:\/\/philmydreams.com\/wp-content\/uploads\/2025\/06\/WhatsApp-Image-2025-06-24-at-09.53.05_7ace1b7d-768x799.jpg 768w, https:\/\/philmydreams.com\/wp-content\/uploads\/2025\/06\/WhatsApp-Image-2025-06-24-at-09.53.05_7ace1b7d-12x12.jpg 12w, https:\/\/philmydreams.com\/wp-content\/uploads\/2025\/06\/WhatsApp-Image-2025-06-24-at-09.53.05_7ace1b7d-370x385.jpg 370w, https:\/\/philmydreams.com\/wp-content\/uploads\/2025\/06\/WhatsApp-Image-2025-06-24-at-09.53.05_7ace1b7d-840x874.jpg 840w, https:\/\/philmydreams.com\/wp-content\/uploads\/2025\/06\/WhatsApp-Image-2025-06-24-at-09.53.05_7ace1b7d-410x427.jpg 410w, https:\/\/philmydreams.com\/wp-content\/uploads\/2025\/06\/WhatsApp-Image-2025-06-24-at-09.53.05_7ace1b7d-600x624.jpg 600w, https:\/\/philmydreams.com\/wp-content\/uploads\/2025\/06\/WhatsApp-Image-2025-06-24-at-09.53.05_7ace1b7d.jpg 1137w\" sizes=\"(max-width: 984px) 100vw, 984px\" \/>\t\t\t\t\t\t\t\t\t\t\t\t\t\t\t<\/div>\n\t\t\t\t<\/div>\n\t\t\t\t\t<\/div>\n\t\t<\/div>\n\t\t\t\t<div class=\"elementor-column elementor-col-50 elementor-inner-column elementor-element elementor-element-a2084ce sc_content_align_inherit sc_layouts_column_icons_position_left sc_fly_static\" data-id=\"a2084ce\" data-element_type=\"column\">\n\t\t\t<div class=\"elementor-widget-wrap elementor-element-populated\">\n\t\t\t\t\t\t<div class=\"elementor-element elementor-element-86ae3b4 sc_fly_static elementor-widget elementor-widget-trx_sc_title\" data-id=\"86ae3b4\" data-element_type=\"widget\" data-widget_type=\"trx_sc_title.default\">\n\t\t\t\t<div class=\"elementor-widget-container\">\n\t\t\t\t\t<div\t\tclass=\"sc_title sc_title_default\" ><span class=\"sc_item_subtitle sc_title_subtitle sc_item_subtitle_above sc_item_title_style_default\">Testimonials<\/span><h2 class=\"sc_item_title sc_title_title sc_item_title_style_default\"\n\t\t\t><span class=\"sc_item_title_text\">Cristina Morar<\/span><\/h2><\/div>\t\t\t\t<\/div>\n\t\t\t\t<\/div>\n\t\t\t\t<div class=\"elementor-element elementor-element-bd94b4a sc_fly_static elementor-widget elementor-widget-text-editor\" data-id=\"bd94b4a\" data-element_type=\"widget\" data-widget_type=\"text-editor.default\">\n\t\t\t\t<div class=\"elementor-widget-container\">\n\t\t\t\t\t\t\t\t\t<p><b>Recruiting &amp;Hr Business Partner<\/b><\/p>\t\t\t\t\t\t\t\t<\/div>\n\t\t\t\t<\/div>\n\t\t\t\t\t<\/div>\n\t\t<\/div>\n\t\t\t\t\t<\/div>\n\t\t<\/section>\n\t\t\t\t<div class=\"elementor-element elementor-element-b2226ea sc_height_medium sc_fly_static elementor-widget elementor-widget-spacer\" data-id=\"b2226ea\" data-element_type=\"widget\" data-widget_type=\"spacer.default\">\n\t\t\t\t<div class=\"elementor-widget-container\">\n\t\t\t\t\t\t\t<div class=\"elementor-spacer\">\n\t\t\t<div class=\"elementor-spacer-inner\"><\/div>\n\t\t<\/div>\n\t\t\t\t\t\t<\/div>\n\t\t\t\t<\/div>\n\t\t\t\t<div class=\"elementor-element elementor-element-7c64ca5 sc_fly_static elementor-widget elementor-widget-text-editor\" data-id=\"7c64ca5\" data-element_type=\"widget\" data-widget_type=\"text-editor.default\">\n\t\t\t\t<div class=\"elementor-widget-container\">\n\t\t\t\t\t\t\t\t\t<p>I had tried a few journaling techniques before I met Cristina and I already believed in the power of writing. But I had no idea how deep Cristina could go or how unique her techniques truly are.<br \/>During the session, I allowed myself to be guided by Cristina\u2019s questions, curious to discover what I might be hiding from myself. It seemed like I had nothing to work through. <br \/>Cristina observed my reactions with great care and, even though I didn\u2019t need to go into personal details, she offered a fresh perspective I hadn\u2019t received in previous coaching sessions. I realized how my own mind was draining my energy, holding me back from achieving my professional goals. <br \/>It was a release and an insight that changed my life. Now, whenever I reach that point where I feel disorganized and too busy for my important goals, I recall the realization I had during the journaling session\u2014and I\u2019m no longer stuck. I know exactly what to do. <br \/>Cristina is that person who comes into your life at just the right moment\u2014and whom you keep referring back to long after the session has ended.<\/p>\t\t\t\t\t\t\t\t<\/div>\n\t\t\t\t<\/div>\n\t\t\t\t<div class=\"elementor-element elementor-element-7e77f1e sc_height_tiny sc_fly_static elementor-widget elementor-widget-spacer\" data-id=\"7e77f1e\" data-element_type=\"widget\" data-widget_type=\"spacer.default\">\n\t\t\t\t<div class=\"elementor-widget-container\">\n\t\t\t\t\t\t\t<div class=\"elementor-spacer\">\n\t\t\t<div class=\"elementor-spacer-inner\"><\/div>\n\t\t<\/div>\n\t\t\t\t\t\t<\/div>\n\t\t\t\t<\/div>\n\t\t\t\t\t<\/div>\n\t\t<\/div>\n\t\t\t\t\t<\/div>\n\t\t<\/section>\n\t\t\t\t<\/div>","protected":false},"excerpt":{"rendered":"<p>testimoniale Cristina Morar Recruiting &amp;Hr Business Partner \u00cencercasem c\u00e2teva tehnici de journaling \u00eenainte s-o cunosc pe Cristina \u0219i credeam \u00een puterea scrisului. Nu \u0219tiam \u00eens\u0103 c\u00e2t de profund poate merge&hellip;<\/p>","protected":false},"author":1,"featured_media":0,"parent":0,"menu_order":0,"comment_status":"closed","ping_status":"closed","template":"","meta":{"footnotes":""},"class_list":["post-24944","page","type-page","status-publish","hentry"],"yoast_head":"<!-- This site is optimized with the Yoast SEO plugin v26.1.1 - https:\/\/yoast.com\/wordpress\/plugins\/seo\/ -->\n<title>Cristina Morar - Philmydreams<\/title>\n<meta name=\"description\" content=\"testimonialeCristina Morar Recruiting &amp;Hr Business Partner \u00cencercasem c\u00e2teva tehnici de journaling \u00eenainte s-o cunosc pe Cristina \u0219i credeam \u00een\" \/>\n<meta name=\"robots\" content=\"index, follow, max-snippet:-1, max-image-preview:large, max-video-preview:-1\" \/>\n<link rel=\"canonical\" href=\"https:\/\/philmydreams.com\/en\/cristina-morar\/\" \/>\n<meta property=\"og:locale\" content=\"en_US\" \/>\n<meta property=\"og:type\" content=\"article\" \/>\n<meta property=\"og:title\" content=\"Cristina Morar - Philmydreams\" \/>\n<meta property=\"og:description\" content=\"testimonialeCristina Morar Recruiting &amp;Hr Business Partner \u00cencercasem c\u00e2teva tehnici de journaling \u00eenainte s-o cunosc pe Cristina \u0219i credeam \u00een\" \/>\n<meta property=\"og:url\" content=\"https:\/\/philmydreams.com\/en\/cristina-morar\/\" \/>\n<meta property=\"og:site_name\" content=\"Philmydreams\" \/>\n<meta property=\"article:modified_time\" content=\"2025-06-26T13:51:42+00:00\" \/>\n<meta property=\"og:image\" content=\"https:\/\/philmydreams.com\/wp-content\/uploads\/2025\/06\/WhatsApp-Image-2025-06-24-at-09.53.05_7ace1b7d.jpg\" \/>\n\t<meta property=\"og:image:width\" content=\"1137\" \/>\n\t<meta property=\"og:image:height\" content=\"1183\" \/>\n\t<meta property=\"og:image:type\" content=\"image\/jpeg\" \/>\n<meta name=\"twitter:card\" content=\"summary_large_image\" \/>\n<meta name=\"twitter:label1\" content=\"Est. reading time\" \/>\n\t<meta name=\"twitter:data1\" content=\"1 minute\" \/>\n<script type=\"application\/ld+json\" class=\"yoast-schema-graph\">{\"@context\":\"https:\/\/schema.org\",\"@graph\":[{\"@type\":\"WebPage\",\"@id\":\"https:\/\/philmydreams.com\/cristina-morar\/\",\"url\":\"https:\/\/philmydreams.com\/cristina-morar\/\",\"name\":\"Cristina Morar - Philmydreams\",\"isPartOf\":{\"@id\":\"https:\/\/philmydreams.com\/#website\"},\"primaryImageOfPage\":{\"@id\":\"https:\/\/philmydreams.com\/cristina-morar\/#primaryimage\"},\"image\":{\"@id\":\"https:\/\/philmydreams.com\/cristina-morar\/#primaryimage\"},\"thumbnailUrl\":\"https:\/\/philmydreams.com\/wp-content\/uploads\/2025\/06\/WhatsApp-Image-2025-06-24-at-09.53.05_7ace1b7d-984x1024.jpg\",\"datePublished\":\"2025-06-24T07:43:54+00:00\",\"dateModified\":\"2025-06-26T13:51:42+00:00\",\"description\":\"testimonialeCristina Morar Recruiting &amp;Hr Business Partner \u00cencercasem c\u00e2teva tehnici de journaling \u00eenainte s-o cunosc pe Cristina \u0219i credeam \u00een\",\"breadcrumb\":{\"@id\":\"https:\/\/philmydreams.com\/cristina-morar\/#breadcrumb\"},\"inLanguage\":\"en-US\",\"potentialAction\":[{\"@type\":\"ReadAction\",\"target\":[\"https:\/\/philmydreams.com\/cristina-morar\/\"]}]},{\"@type\":\"ImageObject\",\"inLanguage\":\"en-US\",\"@id\":\"https:\/\/philmydreams.com\/cristina-morar\/#primaryimage\",\"url\":\"https:\/\/philmydreams.com\/wp-content\/uploads\/2025\/06\/WhatsApp-Image-2025-06-24-at-09.53.05_7ace1b7d-984x1024.jpg\",\"contentUrl\":\"https:\/\/philmydreams.com\/wp-content\/uploads\/2025\/06\/WhatsApp-Image-2025-06-24-at-09.53.05_7ace1b7d-984x1024.jpg\"},{\"@type\":\"BreadcrumbList\",\"@id\":\"https:\/\/philmydreams.com\/cristina-morar\/#breadcrumb\",\"itemListElement\":[{\"@type\":\"ListItem\",\"position\":1,\"name\":\"Home\",\"item\":\"https:\/\/philmydreams.com\/\"},{\"@type\":\"ListItem\",\"position\":2,\"name\":\"Cristina Morar\"}]},{\"@type\":\"WebSite\",\"@id\":\"https:\/\/philmydreams.com\/#website\",\"url\":\"https:\/\/philmydreams.com\/\",\"name\":\"Philmydreams\",\"description\":\"Philmaydreams \u2013 Ghidul t\u0103u \u00een arta journaling-ului\",\"publisher\":{\"@id\":\"https:\/\/philmydreams.com\/#organization\"},\"potentialAction\":[{\"@type\":\"SearchAction\",\"target\":{\"@type\":\"EntryPoint\",\"urlTemplate\":\"https:\/\/philmydreams.com\/?s={search_term_string}\"},\"query-input\":{\"@type\":\"PropertyValueSpecification\",\"valueRequired\":true,\"valueName\":\"search_term_string\"}}],\"inLanguage\":\"en-US\"},{\"@type\":\"Organization\",\"@id\":\"https:\/\/philmydreams.com\/#organization\",\"name\":\"Philmydreams\",\"url\":\"https:\/\/philmydreams.com\/\",\"logo\":{\"@type\":\"ImageObject\",\"inLanguage\":\"en-US\",\"@id\":\"https:\/\/philmydreams.com\/#\/schema\/logo\/image\/\",\"url\":\"https:\/\/philmydreams.com\/wp-content\/uploads\/2020\/06\/Logo-2.png\",\"contentUrl\":\"https:\/\/philmydreams.com\/wp-content\/uploads\/2020\/06\/Logo-2.png\",\"width\":1200,\"height\":630,\"caption\":\"Philmydreams\"},\"image\":{\"@id\":\"https:\/\/philmydreams.com\/#\/schema\/logo\/image\/\"}}]}<\/script>\n<!-- \/ Yoast SEO plugin. -->","yoast_head_json":{"title":"Cristina Morar - Philmydreams","description":"testimonialeCristina Morar Recruiting &amp;Hr Business Partner \u00cencercasem c\u00e2teva tehnici de journaling \u00eenainte s-o cunosc pe Cristina \u0219i credeam \u00een","robots":{"index":"index","follow":"follow","max-snippet":"max-snippet:-1","max-image-preview":"max-image-preview:large","max-video-preview":"max-video-preview:-1"},"canonical":"https:\/\/philmydreams.com\/en\/cristina-morar\/","og_locale":"en_US","og_type":"article","og_title":"Cristina Morar - Philmydreams","og_description":"testimonialeCristina Morar Recruiting &amp;Hr Business Partner \u00cencercasem c\u00e2teva tehnici de journaling \u00eenainte s-o cunosc pe Cristina \u0219i credeam \u00een","og_url":"https:\/\/philmydreams.com\/en\/cristina-morar\/","og_site_name":"Philmydreams","article_modified_time":"2025-06-26T13:51:42+00:00","og_image":[{"width":1137,"height":1183,"url":"https:\/\/philmydreams.com\/wp-content\/uploads\/2025\/06\/WhatsApp-Image-2025-06-24-at-09.53.05_7ace1b7d.jpg","type":"image\/jpeg"}],"twitter_card":"summary_large_image","twitter_misc":{"Est. reading time":"1 minute"},"schema":{"@context":"https:\/\/schema.org","@graph":[{"@type":"WebPage","@id":"https:\/\/philmydreams.com\/cristina-morar\/","url":"https:\/\/philmydreams.com\/cristina-morar\/","name":"Cristina Morar - Philmydreams","isPartOf":{"@id":"https:\/\/philmydreams.com\/#website"},"primaryImageOfPage":{"@id":"https:\/\/philmydreams.com\/cristina-morar\/#primaryimage"},"image":{"@id":"https:\/\/philmydreams.com\/cristina-morar\/#primaryimage"},"thumbnailUrl":"https:\/\/philmydreams.com\/wp-content\/uploads\/2025\/06\/WhatsApp-Image-2025-06-24-at-09.53.05_7ace1b7d-984x1024.jpg","datePublished":"2025-06-24T07:43:54+00:00","dateModified":"2025-06-26T13:51:42+00:00","description":"testimonialeCristina Morar Recruiting &amp;Hr Business Partner \u00cencercasem c\u00e2teva tehnici de journaling \u00eenainte s-o cunosc pe Cristina \u0219i credeam \u00een","breadcrumb":{"@id":"https:\/\/philmydreams.com\/cristina-morar\/#breadcrumb"},"inLanguage":"en-US","potentialAction":[{"@type":"ReadAction","target":["https:\/\/philmydreams.com\/cristina-morar\/"]}]},{"@type":"ImageObject","inLanguage":"en-US","@id":"https:\/\/philmydreams.com\/cristina-morar\/#primaryimage","url":"https:\/\/philmydreams.com\/wp-content\/uploads\/2025\/06\/WhatsApp-Image-2025-06-24-at-09.53.05_7ace1b7d-984x1024.jpg","contentUrl":"https:\/\/philmydreams.com\/wp-content\/uploads\/2025\/06\/WhatsApp-Image-2025-06-24-at-09.53.05_7ace1b7d-984x1024.jpg"},{"@type":"BreadcrumbList","@id":"https:\/\/philmydreams.com\/cristina-morar\/#breadcrumb","itemListElement":[{"@type":"ListItem","position":1,"name":"Home","item":"https:\/\/philmydreams.com\/"},{"@type":"ListItem","position":2,"name":"Cristina Morar"}]},{"@type":"WebSite","@id":"https:\/\/philmydreams.com\/#website","url":"https:\/\/philmydreams.com\/","name":"Philmydreams","description":"Philmaydreams \u2013 Ghidul t\u0103u \u00een arta journaling-ului","publisher":{"@id":"https:\/\/philmydreams.com\/#organization"},"potentialAction":[{"@type":"SearchAction","target":{"@type":"EntryPoint","urlTemplate":"https:\/\/philmydreams.com\/?s={search_term_string}"},"query-input":{"@type":"PropertyValueSpecification","valueRequired":true,"valueName":"search_term_string"}}],"inLanguage":"en-US"},{"@type":"Organization","@id":"https:\/\/philmydreams.com\/#organization","name":"Philmydreams","url":"https:\/\/philmydreams.com\/","logo":{"@type":"ImageObject","inLanguage":"en-US","@id":"https:\/\/philmydreams.com\/#\/schema\/logo\/image\/","url":"https:\/\/philmydreams.com\/wp-content\/uploads\/2020\/06\/Logo-2.png","contentUrl":"https:\/\/philmydreams.com\/wp-content\/uploads\/2020\/06\/Logo-2.png","width":1200,"height":630,"caption":"Philmydreams"},"image":{"@id":"https:\/\/philmydreams.com\/#\/schema\/logo\/image\/"}}]}},"_links":{"self":[{"href":"https:\/\/philmydreams.com\/en\/wp-json\/wp\/v2\/pages\/24944","targetHints":{"allow":["GET"]}}],"collection":[{"href":"https:\/\/philmydreams.com\/en\/wp-json\/wp\/v2\/pages"}],"about":[{"href":"https:\/\/philmydreams.com\/en\/wp-json\/wp\/v2\/types\/page"}],"author":[{"embeddable":true,"href":"https:\/\/philmydreams.com\/en\/wp-json\/wp\/v2\/users\/1"}],"replies":[{"embeddable":true,"href":"https:\/\/philmydreams.com\/en\/wp-json\/wp\/v2\/comments?post=24944"}],"version-history":[{"count":25,"href":"https:\/\/philmydreams.com\/en\/wp-json\/wp\/v2\/pages\/24944\/revisions"}],"predecessor-version":[{"id":25310,"href":"https:\/\/philmydreams.com\/en\/wp-json\/wp\/v2\/pages\/24944\/revisions\/25310"}],"wp:attachment":[{"href":"https:\/\/philmydreams.com\/en\/wp-json\/wp\/v2\/media?parent=24944"}],"curies":[{"name":"wp","href":"https:\/\/api.w.org\/{rel}","templated":true}]}}