{"id":24671,"date":"2025-06-09T16:34:48","date_gmt":"2025-06-09T13:34:48","guid":{"rendered":"https:\/\/phill.fastapp.ro\/?page_id=24671"},"modified":"2025-06-26T15:24:06","modified_gmt":"2025-06-26T12:24:06","slug":"dana-hogas","status":"publish","type":"page","link":"https:\/\/philmydreams.com\/en\/dana-hogas\/","title":{"rendered":"Dana Hoga\u0219"},"content":{"rendered":"<div data-elementor-type=\"wp-page\" data-elementor-id=\"24671\" class=\"elementor elementor-24671\">\n\t\t\t\t\t\t<section class=\"elementor-section elementor-top-section elementor-element elementor-element-4001307 elementor-section-boxed elementor-section-height-default elementor-section-height-default sc_fly_static\" data-id=\"4001307\" data-element_type=\"section\">\n\t\t\t\t\t\t<div class=\"elementor-container elementor-column-gap-extended\">\n\t\t\t\t\t<div class=\"elementor-column elementor-col-100 elementor-top-column elementor-element elementor-element-338aaee sc_content_align_inherit sc_layouts_column_icons_position_left sc_fly_static\" data-id=\"338aaee\" data-element_type=\"column\">\n\t\t\t<div class=\"elementor-widget-wrap elementor-element-populated\">\n\t\t\t\t\t\t<section class=\"elementor-section elementor-inner-section elementor-element elementor-element-1735d4c elementor-section-boxed elementor-section-height-default elementor-section-height-default sc_fly_static\" data-id=\"1735d4c\" data-element_type=\"section\">\n\t\t\t\t\t\t<div class=\"elementor-container elementor-column-gap-extended\">\n\t\t\t\t\t<div class=\"elementor-column elementor-col-50 elementor-inner-column elementor-element elementor-element-b4e1b12 sc_content_align_inherit sc_layouts_column_icons_position_left sc_fly_static\" data-id=\"b4e1b12\" data-element_type=\"column\">\n\t\t\t<div class=\"elementor-widget-wrap elementor-element-populated\">\n\t\t\t\t\t\t<div class=\"elementor-element elementor-element-1859a37 sc_fly_static elementor-widget elementor-widget-image\" data-id=\"1859a37\" data-element_type=\"widget\" data-widget_type=\"image.default\">\n\t\t\t\t<div class=\"elementor-widget-container\">\n\t\t\t\t\t\t\t\t\t\t\t\t\t\t\t<img fetchpriority=\"high\" decoding=\"async\" width=\"957\" height=\"1024\" src=\"https:\/\/philmydreams.com\/wp-content\/uploads\/2025\/06\/WhatsApp-Image-2025-05-28-at-17.16.46_61f871be-957x1024.jpg\" class=\"attachment-large size-large wp-image-23794\" alt=\"\" srcset=\"https:\/\/philmydreams.com\/wp-content\/uploads\/2025\/06\/WhatsApp-Image-2025-05-28-at-17.16.46_61f871be-957x1024.jpg 957w, https:\/\/philmydreams.com\/wp-content\/uploads\/2025\/06\/WhatsApp-Image-2025-05-28-at-17.16.46_61f871be-280x300.jpg 280w, https:\/\/philmydreams.com\/wp-content\/uploads\/2025\/06\/WhatsApp-Image-2025-05-28-at-17.16.46_61f871be-768x822.jpg 768w, https:\/\/philmydreams.com\/wp-content\/uploads\/2025\/06\/WhatsApp-Image-2025-05-28-at-17.16.46_61f871be-1436x1536.jpg 1436w, https:\/\/philmydreams.com\/wp-content\/uploads\/2025\/06\/WhatsApp-Image-2025-05-28-at-17.16.46_61f871be-370x396.jpg 370w, https:\/\/philmydreams.com\/wp-content\/uploads\/2025\/06\/WhatsApp-Image-2025-05-28-at-17.16.46_61f871be-840x899.jpg 840w, https:\/\/philmydreams.com\/wp-content\/uploads\/2025\/06\/WhatsApp-Image-2025-05-28-at-17.16.46_61f871be-410x439.jpg 410w, https:\/\/philmydreams.com\/wp-content\/uploads\/2025\/06\/WhatsApp-Image-2025-05-28-at-17.16.46_61f871be-600x642.jpg 600w, https:\/\/philmydreams.com\/wp-content\/uploads\/2025\/06\/WhatsApp-Image-2025-05-28-at-17.16.46_61f871be.jpg 1914w\" sizes=\"(max-width: 957px) 100vw, 957px\" \/>\t\t\t\t\t\t\t\t\t\t\t\t\t\t\t<\/div>\n\t\t\t\t<\/div>\n\t\t\t\t\t<\/div>\n\t\t<\/div>\n\t\t\t\t<div class=\"elementor-column elementor-col-50 elementor-inner-column elementor-element elementor-element-2a753d0 sc_content_align_inherit sc_layouts_column_icons_position_left sc_fly_static\" data-id=\"2a753d0\" data-element_type=\"column\">\n\t\t\t<div class=\"elementor-widget-wrap elementor-element-populated\">\n\t\t\t\t\t\t<div class=\"elementor-element elementor-element-b6c6970 sc_fly_static elementor-widget elementor-widget-trx_sc_title\" data-id=\"b6c6970\" data-element_type=\"widget\" data-widget_type=\"trx_sc_title.default\">\n\t\t\t\t<div class=\"elementor-widget-container\">\n\t\t\t\t\t<div\t\tclass=\"sc_title sc_title_default\" ><span class=\"sc_item_subtitle sc_title_subtitle sc_item_subtitle_above sc_item_title_style_default\">Testimonials<\/span><h2 class=\"sc_item_title sc_title_title sc_item_title_style_default\"\n\t\t\t><span class=\"sc_item_title_text\">Dana Hoga\u0219<\/span><\/h2><\/div>\t\t\t\t<\/div>\n\t\t\t\t<\/div>\n\t\t\t\t<div class=\"elementor-element elementor-element-624043f sc_fly_static elementor-widget elementor-widget-text-editor\" data-id=\"624043f\" data-element_type=\"widget\" data-widget_type=\"text-editor.default\">\n\t\t\t\t<div class=\"elementor-widget-container\">\n\t\t\t\t\t\t\t\t\t<p><strong>Corporate Manager<\/strong><\/p>\t\t\t\t\t\t\t\t<\/div>\n\t\t\t\t<\/div>\n\t\t\t\t\t<\/div>\n\t\t<\/div>\n\t\t\t\t\t<\/div>\n\t\t<\/section>\n\t\t\t\t<div class=\"elementor-element elementor-element-b2136ac sc_height_medium sc_fly_static elementor-widget elementor-widget-spacer\" data-id=\"b2136ac\" data-element_type=\"widget\" data-widget_type=\"spacer.default\">\n\t\t\t\t<div class=\"elementor-widget-container\">\n\t\t\t\t\t\t\t<div class=\"elementor-spacer\">\n\t\t\t<div class=\"elementor-spacer-inner\"><\/div>\n\t\t<\/div>\n\t\t\t\t\t\t<\/div>\n\t\t\t\t<\/div>\n\t\t\t\t<div class=\"elementor-element elementor-element-acff92f sc_fly_static elementor-widget elementor-widget-text-editor\" data-id=\"acff92f\" data-element_type=\"widget\" data-widget_type=\"text-editor.default\">\n\t\t\t\t<div class=\"elementor-widget-container\">\n\t\t\t\t\t\t\t\t\t<p>The experience with Cristina... a doorway opened into 3D \u2014 Dana at home, Dana with her work and on vacation, Dana in colors, images, and words, organized, but in a more creative, less rigid way, a WHY written down whenever the impulse calls for it.\ud83e\udee3\ud83c\udf1e\ud83c\udfa8\ud83c\udf40<\/p>\t\t\t\t\t\t\t\t<\/div>\n\t\t\t\t<\/div>\n\t\t\t\t<div class=\"elementor-element elementor-element-741ad8d sc_height_tiny sc_fly_static elementor-widget elementor-widget-spacer\" data-id=\"741ad8d\" data-element_type=\"widget\" data-widget_type=\"spacer.default\">\n\t\t\t\t<div class=\"elementor-widget-container\">\n\t\t\t\t\t\t\t<div class=\"elementor-spacer\">\n\t\t\t<div class=\"elementor-spacer-inner\"><\/div>\n\t\t<\/div>\n\t\t\t\t\t\t<\/div>\n\t\t\t\t<\/div>\n\t\t\t\t\t<\/div>\n\t\t<\/div>\n\t\t\t\t\t<\/div>\n\t\t<\/section>\n\t\t\t\t<\/div>","protected":false},"excerpt":{"rendered":"<p>testimoniale Dana Hoga\u0219 Corporate Manager Experien\u021ba cu Cristina &#8230; o porti\u021b\u0103 deschis\u0103 c\u0103tre 3D, Dana de acas\u0103, de la vici \u0219i din vacan\u021be, Dana \u00een culori, imagini \u0219i cuvinte, organizat\u0103,&hellip;<\/p>","protected":false},"author":1,"featured_media":0,"parent":0,"menu_order":0,"comment_status":"closed","ping_status":"closed","template":"","meta":{"footnotes":""},"class_list":["post-24671","page","type-page","status-publish","hentry"],"yoast_head":"<!-- This site is optimized with the Yoast SEO plugin v26.1.1 - https:\/\/yoast.com\/wordpress\/plugins\/seo\/ -->\n<title>Dana Hoga\u0219 - Philmydreams<\/title>\n<meta name=\"description\" content=\"testimonialeDana Hoga\u0219 Corporate Manager Experien\u021ba cu Cristina ... o porti\u021b\u0103 deschis\u0103 c\u0103tre 3D, Dana de acas\u0103, de la vici \u0219i din vacan\u021be, Dana \u00een culori,\" \/>\n<meta name=\"robots\" content=\"index, follow, max-snippet:-1, max-image-preview:large, max-video-preview:-1\" \/>\n<link rel=\"canonical\" href=\"https:\/\/philmydreams.com\/en\/dana-hogas\/\" \/>\n<meta property=\"og:locale\" content=\"en_US\" \/>\n<meta property=\"og:type\" content=\"article\" \/>\n<meta property=\"og:title\" content=\"Dana Hoga\u0219 - Philmydreams\" \/>\n<meta property=\"og:description\" content=\"testimonialeDana Hoga\u0219 Corporate Manager Experien\u021ba cu Cristina ... o porti\u021b\u0103 deschis\u0103 c\u0103tre 3D, Dana de acas\u0103, de la vici \u0219i din vacan\u021be, Dana \u00een culori,\" \/>\n<meta property=\"og:url\" content=\"https:\/\/philmydreams.com\/en\/dana-hogas\/\" \/>\n<meta property=\"og:site_name\" content=\"Philmydreams\" \/>\n<meta property=\"article:modified_time\" content=\"2025-06-26T12:24:06+00:00\" \/>\n<meta property=\"og:image\" content=\"https:\/\/philmydreams.com\/wp-content\/uploads\/2025\/06\/WhatsApp-Image-2025-05-28-at-17.16.46_61f871be.jpg\" \/>\n\t<meta property=\"og:image:width\" content=\"1914\" \/>\n\t<meta property=\"og:image:height\" content=\"2048\" \/>\n\t<meta property=\"og:image:type\" content=\"image\/jpeg\" \/>\n<meta name=\"twitter:card\" content=\"summary_large_image\" \/>\n<script type=\"application\/ld+json\" class=\"yoast-schema-graph\">{\"@context\":\"https:\/\/schema.org\",\"@graph\":[{\"@type\":\"WebPage\",\"@id\":\"https:\/\/philmydreams.com\/dana-hogas\/\",\"url\":\"https:\/\/philmydreams.com\/dana-hogas\/\",\"name\":\"Dana Hoga\u0219 - Philmydreams\",\"isPartOf\":{\"@id\":\"https:\/\/philmydreams.com\/#website\"},\"primaryImageOfPage\":{\"@id\":\"https:\/\/philmydreams.com\/dana-hogas\/#primaryimage\"},\"image\":{\"@id\":\"https:\/\/philmydreams.com\/dana-hogas\/#primaryimage\"},\"thumbnailUrl\":\"https:\/\/philmydreams.com\/wp-content\/uploads\/2025\/06\/WhatsApp-Image-2025-05-28-at-17.16.46_61f871be-957x1024.jpg\",\"datePublished\":\"2025-06-09T13:34:48+00:00\",\"dateModified\":\"2025-06-26T12:24:06+00:00\",\"description\":\"testimonialeDana Hoga\u0219 Corporate Manager Experien\u021ba cu Cristina ... o porti\u021b\u0103 deschis\u0103 c\u0103tre 3D, Dana de acas\u0103, de la vici \u0219i din vacan\u021be, Dana \u00een culori,\",\"breadcrumb\":{\"@id\":\"https:\/\/philmydreams.com\/dana-hogas\/#breadcrumb\"},\"inLanguage\":\"en-US\",\"potentialAction\":[{\"@type\":\"ReadAction\",\"target\":[\"https:\/\/philmydreams.com\/dana-hogas\/\"]}]},{\"@type\":\"ImageObject\",\"inLanguage\":\"en-US\",\"@id\":\"https:\/\/philmydreams.com\/dana-hogas\/#primaryimage\",\"url\":\"https:\/\/philmydreams.com\/wp-content\/uploads\/2025\/06\/WhatsApp-Image-2025-05-28-at-17.16.46_61f871be-957x1024.jpg\",\"contentUrl\":\"https:\/\/philmydreams.com\/wp-content\/uploads\/2025\/06\/WhatsApp-Image-2025-05-28-at-17.16.46_61f871be-957x1024.jpg\"},{\"@type\":\"BreadcrumbList\",\"@id\":\"https:\/\/philmydreams.com\/dana-hogas\/#breadcrumb\",\"itemListElement\":[{\"@type\":\"ListItem\",\"position\":1,\"name\":\"Home\",\"item\":\"https:\/\/philmydreams.com\/\"},{\"@type\":\"ListItem\",\"position\":2,\"name\":\"Dana Hoga\u0219\"}]},{\"@type\":\"WebSite\",\"@id\":\"https:\/\/philmydreams.com\/#website\",\"url\":\"https:\/\/philmydreams.com\/\",\"name\":\"Philmydreams\",\"description\":\"Philmaydreams \u2013 Ghidul t\u0103u \u00een arta journaling-ului\",\"publisher\":{\"@id\":\"https:\/\/philmydreams.com\/#organization\"},\"potentialAction\":[{\"@type\":\"SearchAction\",\"target\":{\"@type\":\"EntryPoint\",\"urlTemplate\":\"https:\/\/philmydreams.com\/?s={search_term_string}\"},\"query-input\":{\"@type\":\"PropertyValueSpecification\",\"valueRequired\":true,\"valueName\":\"search_term_string\"}}],\"inLanguage\":\"en-US\"},{\"@type\":\"Organization\",\"@id\":\"https:\/\/philmydreams.com\/#organization\",\"name\":\"Philmydreams\",\"url\":\"https:\/\/philmydreams.com\/\",\"logo\":{\"@type\":\"ImageObject\",\"inLanguage\":\"en-US\",\"@id\":\"https:\/\/philmydreams.com\/#\/schema\/logo\/image\/\",\"url\":\"https:\/\/philmydreams.com\/wp-content\/uploads\/2020\/06\/Logo-2.png\",\"contentUrl\":\"https:\/\/philmydreams.com\/wp-content\/uploads\/2020\/06\/Logo-2.png\",\"width\":1200,\"height\":630,\"caption\":\"Philmydreams\"},\"image\":{\"@id\":\"https:\/\/philmydreams.com\/#\/schema\/logo\/image\/\"}}]}<\/script>\n<!-- \/ Yoast SEO plugin. -->","yoast_head_json":{"title":"Dana Hoga\u0219 - Philmydreams","description":"testimonialeDana Hoga\u0219 Corporate Manager Experien\u021ba cu Cristina ... o porti\u021b\u0103 deschis\u0103 c\u0103tre 3D, Dana de acas\u0103, de la vici \u0219i din vacan\u021be, Dana \u00een culori,","robots":{"index":"index","follow":"follow","max-snippet":"max-snippet:-1","max-image-preview":"max-image-preview:large","max-video-preview":"max-video-preview:-1"},"canonical":"https:\/\/philmydreams.com\/en\/dana-hogas\/","og_locale":"en_US","og_type":"article","og_title":"Dana Hoga\u0219 - Philmydreams","og_description":"testimonialeDana Hoga\u0219 Corporate Manager Experien\u021ba cu Cristina ... o porti\u021b\u0103 deschis\u0103 c\u0103tre 3D, Dana de acas\u0103, de la vici \u0219i din vacan\u021be, Dana \u00een culori,","og_url":"https:\/\/philmydreams.com\/en\/dana-hogas\/","og_site_name":"Philmydreams","article_modified_time":"2025-06-26T12:24:06+00:00","og_image":[{"width":1914,"height":2048,"url":"https:\/\/philmydreams.com\/wp-content\/uploads\/2025\/06\/WhatsApp-Image-2025-05-28-at-17.16.46_61f871be.jpg","type":"image\/jpeg"}],"twitter_card":"summary_large_image","schema":{"@context":"https:\/\/schema.org","@graph":[{"@type":"WebPage","@id":"https:\/\/philmydreams.com\/dana-hogas\/","url":"https:\/\/philmydreams.com\/dana-hogas\/","name":"Dana Hoga\u0219 - Philmydreams","isPartOf":{"@id":"https:\/\/philmydreams.com\/#website"},"primaryImageOfPage":{"@id":"https:\/\/philmydreams.com\/dana-hogas\/#primaryimage"},"image":{"@id":"https:\/\/philmydreams.com\/dana-hogas\/#primaryimage"},"thumbnailUrl":"https:\/\/philmydreams.com\/wp-content\/uploads\/2025\/06\/WhatsApp-Image-2025-05-28-at-17.16.46_61f871be-957x1024.jpg","datePublished":"2025-06-09T13:34:48+00:00","dateModified":"2025-06-26T12:24:06+00:00","description":"testimonialeDana Hoga\u0219 Corporate Manager Experien\u021ba cu Cristina ... o porti\u021b\u0103 deschis\u0103 c\u0103tre 3D, Dana de acas\u0103, de la vici \u0219i din vacan\u021be, Dana \u00een culori,","breadcrumb":{"@id":"https:\/\/philmydreams.com\/dana-hogas\/#breadcrumb"},"inLanguage":"en-US","potentialAction":[{"@type":"ReadAction","target":["https:\/\/philmydreams.com\/dana-hogas\/"]}]},{"@type":"ImageObject","inLanguage":"en-US","@id":"https:\/\/philmydreams.com\/dana-hogas\/#primaryimage","url":"https:\/\/philmydreams.com\/wp-content\/uploads\/2025\/06\/WhatsApp-Image-2025-05-28-at-17.16.46_61f871be-957x1024.jpg","contentUrl":"https:\/\/philmydreams.com\/wp-content\/uploads\/2025\/06\/WhatsApp-Image-2025-05-28-at-17.16.46_61f871be-957x1024.jpg"},{"@type":"BreadcrumbList","@id":"https:\/\/philmydreams.com\/dana-hogas\/#breadcrumb","itemListElement":[{"@type":"ListItem","position":1,"name":"Home","item":"https:\/\/philmydreams.com\/"},{"@type":"ListItem","position":2,"name":"Dana Hoga\u0219"}]},{"@type":"WebSite","@id":"https:\/\/philmydreams.com\/#website","url":"https:\/\/philmydreams.com\/","name":"Philmydreams","description":"Philmaydreams \u2013 Ghidul t\u0103u \u00een arta journaling-ului","publisher":{"@id":"https:\/\/philmydreams.com\/#organization"},"potentialAction":[{"@type":"SearchAction","target":{"@type":"EntryPoint","urlTemplate":"https:\/\/philmydreams.com\/?s={search_term_string}"},"query-input":{"@type":"PropertyValueSpecification","valueRequired":true,"valueName":"search_term_string"}}],"inLanguage":"en-US"},{"@type":"Organization","@id":"https:\/\/philmydreams.com\/#organization","name":"Philmydreams","url":"https:\/\/philmydreams.com\/","logo":{"@type":"ImageObject","inLanguage":"en-US","@id":"https:\/\/philmydreams.com\/#\/schema\/logo\/image\/","url":"https:\/\/philmydreams.com\/wp-content\/uploads\/2020\/06\/Logo-2.png","contentUrl":"https:\/\/philmydreams.com\/wp-content\/uploads\/2020\/06\/Logo-2.png","width":1200,"height":630,"caption":"Philmydreams"},"image":{"@id":"https:\/\/philmydreams.com\/#\/schema\/logo\/image\/"}}]}},"_links":{"self":[{"href":"https:\/\/philmydreams.com\/en\/wp-json\/wp\/v2\/pages\/24671","targetHints":{"allow":["GET"]}}],"collection":[{"href":"https:\/\/philmydreams.com\/en\/wp-json\/wp\/v2\/pages"}],"about":[{"href":"https:\/\/philmydreams.com\/en\/wp-json\/wp\/v2\/types\/page"}],"author":[{"embeddable":true,"href":"https:\/\/philmydreams.com\/en\/wp-json\/wp\/v2\/users\/1"}],"replies":[{"embeddable":true,"href":"https:\/\/philmydreams.com\/en\/wp-json\/wp\/v2\/comments?post=24671"}],"version-history":[{"count":25,"href":"https:\/\/philmydreams.com\/en\/wp-json\/wp\/v2\/pages\/24671\/revisions"}],"predecessor-version":[{"id":25207,"href":"https:\/\/philmydreams.com\/en\/wp-json\/wp\/v2\/pages\/24671\/revisions\/25207"}],"wp:attachment":[{"href":"https:\/\/philmydreams.com\/en\/wp-json\/wp\/v2\/media?parent=24671"}],"curies":[{"name":"wp","href":"https:\/\/api.w.org\/{rel}","templated":true}]}}